{"id":1192,"date":"2025-12-11T23:16:55","date_gmt":"2025-12-11T22:16:55","guid":{"rendered":"https:\/\/sannebloem.nl\/wwwinkel\/?post_type=product&#038;p=1192"},"modified":"2026-03-24T15:37:13","modified_gmt":"2026-03-24T14:37:13","slug":"boek-meedoen-aan-een-markt-digitale-download-pdf","status":"publish","type":"product","link":"https:\/\/sannebloem.nl\/wwwinkel\/!\/boek-meedoen-aan-een-markt-digitale-download-pdf\/","title":{"rendered":"Boek: Meedoen aan een markt &#8211; digitale download (pdf)"},"content":{"rendered":"<p>&nbsp;<\/p>\n<p>Extra downloads:<\/p>\n<p>&#8211; paklijst<br \/>\n&#8211; productenlijst<br \/>\n-Het mini magazine van Mama Marketing is niet van mijn hand, maar is online niet meer te vinden en vond ik toentertijd erg handig.<br \/>\nMamaMarketingMiniMagazine-Markten_26Beurzen.pdf<\/p>\n<p>&nbsp;<\/p>\n","protected":false},"excerpt":{"rendered":"<div id=\"titleblock_feature_div\" class=\"celwidget\" data-feature-name=\"titleblock\" data-csa-c-type=\"widget\" data-csa-c-content-id=\"titleblock\" data-csa-c-slot-id=\"titleblock_feature_div\" data-csa-c-asin=\"\" data-csa-c-is-in-initial-active-row=\"false\" data-csa-c-id=\"om0fex-jyad7d-vmzbxi-y5d0m9\" data-cel-widget=\"titleblock_feature_div\">\n<div class=\"a-section a-spacing-none\">\n<h1 id=\"title\" class=\"a-spacing-none a-text-normal\"><span id=\"productTitle\" class=\"a-size-large celwidget\" data-csa-c-id=\"76l8t9-kibi3b-eloq46-vcfois\" data-cel-widget=\"productTitle\">Meedoen aan een markt: toptips voor ambulante verkopers<\/span><\/h1>\n<\/div>\n<\/div>\n<div id=\"bookDescription_feature_div\" class=\"celwidget\" data-feature-name=\"bookDescription\" data-csa-c-type=\"widget\" data-csa-c-content-id=\"bookDescription\" data-csa-c-slot-id=\"bookDescription_feature_div\" data-csa-c-asin=\"\" data-csa-c-is-in-initial-active-row=\"false\" data-csa-c-id=\"dfrsn9-urms3h-4k5h99-apmzbj\" data-cel-widget=\"bookDescription_feature_div\">\n<div class=\"a-expander-collapsed-height a-row a-expander-container a-spacing-base a-expander-partial-collapse-container\" data-a-expander-name=\"book_description_expander\" data-a-expander-collapsed-height=\"280\">\n<div class=\"a-expander-content a-expander-partial-collapse-content\" data-expanded=\"false\">\n<p>Doe jij mee aan markten? Deze handleiding vertelt je alles over meedoen aan markten: wat je mee moet nemen, hoe je je aan moet melden, hoe je je administratie moet doen, op welke manieren je kunt laten betalen en wat je moet doen n\u00e1 een markt.<\/p>\n<p>Mevrouw Markt was tot 2019\u00a0 d\u00e9 website voor organisatoren van en deelnemers aan fijne, creatieve markten in Nederland en Belgi\u00eb. Er stond een selectie van lifestyle markten, (potenti\u00eble) deelnemers kunnen zich er inschrijven voor de nieuwsbrief, waardoor ze het direct horen wanneer een markt op zoek is naar deelnemers.<\/p>\n<p>Dit boek is een fijne, complete handleiding voor deelnemers aan allerlei markten, niet alleen de kleinere creatieve markten. Het is geschreven door &#8220;Mevrouw Markt&#8221; een pennaam van Sanne Bloem. Ze organiseert sinds 2010 de succesvolle &#8220;Zelfgemaakte Markt&#8221; die elk jaar meer dan 10.000 bezoekers verwelkomt en heeft inmiddels al meer dan 50 markten op haar naam staan. Alle kennis ervaring, fouten en overwegingen zijn opgenomen in dit boek. Het boek is vlotjes en met humor geschreven.<\/p>\n<p>Wil je het van de andere kant bekijken? Er is ook een boek &#8220;Organiseer een fijne markt&#8221; waarin je leest hoe je het beste als organisator van een markt aan de slag kunt.<\/p>\n<\/div>\n<\/div>\n<\/div>\n<div data-expanded=\"false\"><\/div>\n<div data-expanded=\"false\">Boek uit 2017<\/div>\n<div id=\"bookDescription_feature_div\" class=\"celwidget\" data-feature-name=\"bookDescription\" data-csa-c-type=\"widget\" data-csa-c-content-id=\"bookDescription\" data-csa-c-slot-id=\"bookDescription_feature_div\" data-csa-c-asin=\"\" data-csa-c-is-in-initial-active-row=\"false\" data-csa-c-id=\"dfrsn9-urms3h-4k5h99-apmzbj\" data-cel-widget=\"bookDescription_feature_div\">\n<div class=\"a-expander-collapsed-height a-row a-expander-container a-spacing-base a-expander-partial-collapse-container\" data-a-expander-name=\"book_description_expander\" data-a-expander-collapsed-height=\"280\">\n<div class=\"a-expander-header a-expander-partial-collapse-header\"><\/div>\n<\/div>\n<\/div>\n","protected":false},"featured_media":1209,"template":"","meta":{"_acf_changed":false},"locatie":[],"product_brand":[],"product_cat":[32,46],"product_tag":[],"class_list":{"0":"post-1192","1":"product","2":"type-product","3":"status-publish","4":"has-post-thumbnail","6":"product_cat-boekenwinkel","7":"product_cat-overige","9":"first","10":"instock","11":"downloadable","12":"virtual","13":"taxable","14":"purchasable","15":"product-type-simple"},"acf":[],"yoast_head":"<!-- This site is optimized with the Yoast SEO plugin v27.4 - https:\/\/yoast.com\/product\/yoast-seo-wordpress\/ -->\n<title>Boek: Meedoen aan een markt - digitale download (pdf) - WWWINKEL<\/title>\n<meta name=\"robots\" content=\"index, follow, max-snippet:-1, max-image-preview:large, max-video-preview:-1\" \/>\n<link rel=\"canonical\" href=\"https:\/\/sannebloem.nl\/wwwinkel\/!\/boek-meedoen-aan-een-markt-digitale-download-pdf\/\" \/>\n<meta property=\"og:locale\" content=\"nl_NL\" \/>\n<meta property=\"og:type\" content=\"article\" \/>\n<meta property=\"og:title\" content=\"Boek: Meedoen aan een markt - digitale download (pdf) - WWWINKEL\" \/>\n<meta property=\"og:description\" content=\"Meedoen aan een markt: toptips voor ambulante verkopers       Doe jij mee aan markten? Deze handleiding vertelt je alles over meedoen aan markten: wat je mee moet nemen, hoe je je aan moet melden, hoe je je administratie moet doen, op welke manieren je kunt laten betalen en wat je moet doen n\u00e1 een markt.  Mevrouw Markt was tot 2019\u00a0 d\u00e9 website voor organisatoren van en deelnemers aan fijne, creatieve markten in Nederland en Belgi\u00eb. Er stond een selectie van lifestyle markten, (potenti\u00eble) deelnemers kunnen zich er inschrijven voor de nieuwsbrief, waardoor ze het direct horen wanneer een markt op zoek is naar deelnemers.  Dit boek is een fijne, complete handleiding voor deelnemers aan allerlei markten, niet alleen de kleinere creatieve markten. Het is geschreven door &quot;Mevrouw Markt&quot; een pennaam van Sanne Bloem. Ze organiseert sinds 2010 de succesvolle &quot;Zelfgemaakte Markt&quot; die elk jaar meer dan 10.000 bezoekers verwelkomt en heeft inmiddels al meer dan 50 markten op haar naam staan. Alle kennis ervaring, fouten en overwegingen zijn opgenomen in dit boek. Het boek is vlotjes en met humor geschreven.  Wil je het van de andere kant bekijken? Er is ook een boek &quot;Organiseer een fijne markt&quot; waarin je leest hoe je het beste als organisator van een markt aan de slag kunt.      Boek uit 2017\" \/>\n<meta property=\"og:url\" content=\"https:\/\/sannebloem.nl\/wwwinkel\/!\/boek-meedoen-aan-een-markt-digitale-download-pdf\/\" \/>\n<meta property=\"og:site_name\" content=\"WWWINKEL\" \/>\n<meta property=\"article:modified_time\" content=\"2026-03-24T14:37:13+00:00\" \/>\n<meta property=\"og:image\" content=\"https:\/\/sannebloem.nl\/wwwinkel\/wp-content\/uploads\/2025\/12\/Scherm\u00adafbeelding-2026-03-03-om-14.34.05.png\" \/>\n\t<meta property=\"og:image:width\" content=\"600\" \/>\n\t<meta property=\"og:image:height\" content=\"939\" \/>\n\t<meta property=\"og:image:type\" content=\"image\/png\" \/>\n<meta name=\"twitter:card\" content=\"summary_large_image\" \/>\n<meta name=\"twitter:label1\" content=\"Geschatte leestijd\" \/>\n\t<meta name=\"twitter:data1\" content=\"1 minuut\" \/>\n<script type=\"application\/ld+json\" class=\"yoast-schema-graph\">{\"@context\":\"https:\\\/\\\/schema.org\",\"@graph\":[{\"@type\":\"WebPage\",\"@id\":\"https:\\\/\\\/sannebloem.nl\\\/wwwinkel\\\/!\\\/boek-meedoen-aan-een-markt-digitale-download-pdf\\\/\",\"url\":\"https:\\\/\\\/sannebloem.nl\\\/wwwinkel\\\/!\\\/boek-meedoen-aan-een-markt-digitale-download-pdf\\\/\",\"name\":\"Boek: Meedoen aan een markt - digitale download (pdf) - WWWINKEL\",\"isPartOf\":{\"@id\":\"https:\\\/\\\/sannebloem.nl\\\/wwwinkel\\\/#website\"},\"primaryImageOfPage\":{\"@id\":\"https:\\\/\\\/sannebloem.nl\\\/wwwinkel\\\/!\\\/boek-meedoen-aan-een-markt-digitale-download-pdf\\\/#primaryimage\"},\"image\":{\"@id\":\"https:\\\/\\\/sannebloem.nl\\\/wwwinkel\\\/!\\\/boek-meedoen-aan-een-markt-digitale-download-pdf\\\/#primaryimage\"},\"thumbnailUrl\":\"https:\\\/\\\/sannebloem.nl\\\/wwwinkel\\\/wp-content\\\/uploads\\\/2025\\\/12\\\/Scherm\u00adafbeelding-2026-03-03-om-14.34.05.png\",\"datePublished\":\"2025-12-11T22:16:55+00:00\",\"dateModified\":\"2026-03-24T14:37:13+00:00\",\"breadcrumb\":{\"@id\":\"https:\\\/\\\/sannebloem.nl\\\/wwwinkel\\\/!\\\/boek-meedoen-aan-een-markt-digitale-download-pdf\\\/#breadcrumb\"},\"inLanguage\":\"nl-NL\",\"potentialAction\":[{\"@type\":\"ReadAction\",\"target\":[\"https:\\\/\\\/sannebloem.nl\\\/wwwinkel\\\/!\\\/boek-meedoen-aan-een-markt-digitale-download-pdf\\\/\"]}]},{\"@type\":\"ImageObject\",\"inLanguage\":\"nl-NL\",\"@id\":\"https:\\\/\\\/sannebloem.nl\\\/wwwinkel\\\/!\\\/boek-meedoen-aan-een-markt-digitale-download-pdf\\\/#primaryimage\",\"url\":\"https:\\\/\\\/sannebloem.nl\\\/wwwinkel\\\/wp-content\\\/uploads\\\/2025\\\/12\\\/Scherm\u00adafbeelding-2026-03-03-om-14.34.05.png\",\"contentUrl\":\"https:\\\/\\\/sannebloem.nl\\\/wwwinkel\\\/wp-content\\\/uploads\\\/2025\\\/12\\\/Scherm\u00adafbeelding-2026-03-03-om-14.34.05.png\",\"width\":600,\"height\":939},{\"@type\":\"BreadcrumbList\",\"@id\":\"https:\\\/\\\/sannebloem.nl\\\/wwwinkel\\\/!\\\/boek-meedoen-aan-een-markt-digitale-download-pdf\\\/#breadcrumb\",\"itemListElement\":[{\"@type\":\"ListItem\",\"position\":1,\"name\":\"Home\",\"item\":\"https:\\\/\\\/sannebloem.nl\\\/wwwinkel\\\/\"},{\"@type\":\"ListItem\",\"position\":2,\"name\":\"Sanne&#8217;s winkel\",\"item\":\"https:\\\/\\\/sannebloem.nl\\\/wwwinkel\\\/winkel\\\/\"},{\"@type\":\"ListItem\",\"position\":3,\"name\":\"Boek: Meedoen aan een markt &#8211; digitale download (pdf)\"}]},{\"@type\":\"WebSite\",\"@id\":\"https:\\\/\\\/sannebloem.nl\\\/wwwinkel\\\/#website\",\"url\":\"https:\\\/\\\/sannebloem.nl\\\/wwwinkel\\\/\",\"name\":\"WWWINKEL\",\"description\":\"van sannebloem\",\"potentialAction\":[{\"@type\":\"SearchAction\",\"target\":{\"@type\":\"EntryPoint\",\"urlTemplate\":\"https:\\\/\\\/sannebloem.nl\\\/wwwinkel\\\/?s={search_term_string}\"},\"query-input\":{\"@type\":\"PropertyValueSpecification\",\"valueRequired\":true,\"valueName\":\"search_term_string\"}}],\"inLanguage\":\"nl-NL\"}]}<\/script>\n<!-- \/ Yoast SEO plugin. -->","yoast_head_json":{"title":"Boek: Meedoen aan een markt - digitale download (pdf) - WWWINKEL","robots":{"index":"index","follow":"follow","max-snippet":"max-snippet:-1","max-image-preview":"max-image-preview:large","max-video-preview":"max-video-preview:-1"},"canonical":"https:\/\/sannebloem.nl\/wwwinkel\/!\/boek-meedoen-aan-een-markt-digitale-download-pdf\/","og_locale":"nl_NL","og_type":"article","og_title":"Boek: Meedoen aan een markt - digitale download (pdf) - WWWINKEL","og_description":"Meedoen aan een markt: toptips voor ambulante verkopers       Doe jij mee aan markten? Deze handleiding vertelt je alles over meedoen aan markten: wat je mee moet nemen, hoe je je aan moet melden, hoe je je administratie moet doen, op welke manieren je kunt laten betalen en wat je moet doen n\u00e1 een markt.  Mevrouw Markt was tot 2019\u00a0 d\u00e9 website voor organisatoren van en deelnemers aan fijne, creatieve markten in Nederland en Belgi\u00eb. Er stond een selectie van lifestyle markten, (potenti\u00eble) deelnemers kunnen zich er inschrijven voor de nieuwsbrief, waardoor ze het direct horen wanneer een markt op zoek is naar deelnemers.  Dit boek is een fijne, complete handleiding voor deelnemers aan allerlei markten, niet alleen de kleinere creatieve markten. Het is geschreven door \"Mevrouw Markt\" een pennaam van Sanne Bloem. Ze organiseert sinds 2010 de succesvolle \"Zelfgemaakte Markt\" die elk jaar meer dan 10.000 bezoekers verwelkomt en heeft inmiddels al meer dan 50 markten op haar naam staan. Alle kennis ervaring, fouten en overwegingen zijn opgenomen in dit boek. Het boek is vlotjes en met humor geschreven.  Wil je het van de andere kant bekijken? Er is ook een boek \"Organiseer een fijne markt\" waarin je leest hoe je het beste als organisator van een markt aan de slag kunt.      Boek uit 2017","og_url":"https:\/\/sannebloem.nl\/wwwinkel\/!\/boek-meedoen-aan-een-markt-digitale-download-pdf\/","og_site_name":"WWWINKEL","article_modified_time":"2026-03-24T14:37:13+00:00","og_image":[{"width":600,"height":939,"url":"https:\/\/sannebloem.nl\/wwwinkel\/wp-content\/uploads\/2025\/12\/Scherm\u00adafbeelding-2026-03-03-om-14.34.05.png","type":"image\/png"}],"twitter_card":"summary_large_image","twitter_misc":{"Geschatte leestijd":"1 minuut"},"schema":{"@context":"https:\/\/schema.org","@graph":[{"@type":"WebPage","@id":"https:\/\/sannebloem.nl\/wwwinkel\/!\/boek-meedoen-aan-een-markt-digitale-download-pdf\/","url":"https:\/\/sannebloem.nl\/wwwinkel\/!\/boek-meedoen-aan-een-markt-digitale-download-pdf\/","name":"Boek: Meedoen aan een markt - digitale download (pdf) - WWWINKEL","isPartOf":{"@id":"https:\/\/sannebloem.nl\/wwwinkel\/#website"},"primaryImageOfPage":{"@id":"https:\/\/sannebloem.nl\/wwwinkel\/!\/boek-meedoen-aan-een-markt-digitale-download-pdf\/#primaryimage"},"image":{"@id":"https:\/\/sannebloem.nl\/wwwinkel\/!\/boek-meedoen-aan-een-markt-digitale-download-pdf\/#primaryimage"},"thumbnailUrl":"https:\/\/sannebloem.nl\/wwwinkel\/wp-content\/uploads\/2025\/12\/Scherm\u00adafbeelding-2026-03-03-om-14.34.05.png","datePublished":"2025-12-11T22:16:55+00:00","dateModified":"2026-03-24T14:37:13+00:00","breadcrumb":{"@id":"https:\/\/sannebloem.nl\/wwwinkel\/!\/boek-meedoen-aan-een-markt-digitale-download-pdf\/#breadcrumb"},"inLanguage":"nl-NL","potentialAction":[{"@type":"ReadAction","target":["https:\/\/sannebloem.nl\/wwwinkel\/!\/boek-meedoen-aan-een-markt-digitale-download-pdf\/"]}]},{"@type":"ImageObject","inLanguage":"nl-NL","@id":"https:\/\/sannebloem.nl\/wwwinkel\/!\/boek-meedoen-aan-een-markt-digitale-download-pdf\/#primaryimage","url":"https:\/\/sannebloem.nl\/wwwinkel\/wp-content\/uploads\/2025\/12\/Scherm\u00adafbeelding-2026-03-03-om-14.34.05.png","contentUrl":"https:\/\/sannebloem.nl\/wwwinkel\/wp-content\/uploads\/2025\/12\/Scherm\u00adafbeelding-2026-03-03-om-14.34.05.png","width":600,"height":939},{"@type":"BreadcrumbList","@id":"https:\/\/sannebloem.nl\/wwwinkel\/!\/boek-meedoen-aan-een-markt-digitale-download-pdf\/#breadcrumb","itemListElement":[{"@type":"ListItem","position":1,"name":"Home","item":"https:\/\/sannebloem.nl\/wwwinkel\/"},{"@type":"ListItem","position":2,"name":"Sanne&#8217;s winkel","item":"https:\/\/sannebloem.nl\/wwwinkel\/winkel\/"},{"@type":"ListItem","position":3,"name":"Boek: Meedoen aan een markt &#8211; digitale download (pdf)"}]},{"@type":"WebSite","@id":"https:\/\/sannebloem.nl\/wwwinkel\/#website","url":"https:\/\/sannebloem.nl\/wwwinkel\/","name":"WWWINKEL","description":"van sannebloem","potentialAction":[{"@type":"SearchAction","target":{"@type":"EntryPoint","urlTemplate":"https:\/\/sannebloem.nl\/wwwinkel\/?s={search_term_string}"},"query-input":{"@type":"PropertyValueSpecification","valueRequired":true,"valueName":"search_term_string"}}],"inLanguage":"nl-NL"}]}},"_links":{"self":[{"href":"https:\/\/sannebloem.nl\/wwwinkel\/wp-json\/wp\/v2\/product\/1192","targetHints":{"allow":["GET"]}}],"collection":[{"href":"https:\/\/sannebloem.nl\/wwwinkel\/wp-json\/wp\/v2\/product"}],"about":[{"href":"https:\/\/sannebloem.nl\/wwwinkel\/wp-json\/wp\/v2\/types\/product"}],"wp:featuredmedia":[{"embeddable":true,"href":"https:\/\/sannebloem.nl\/wwwinkel\/wp-json\/wp\/v2\/media\/1209"}],"wp:attachment":[{"href":"https:\/\/sannebloem.nl\/wwwinkel\/wp-json\/wp\/v2\/media?parent=1192"}],"wp:term":[{"taxonomy":"locatie","embeddable":true,"href":"https:\/\/sannebloem.nl\/wwwinkel\/wp-json\/wp\/v2\/locatie?post=1192"},{"taxonomy":"product_brand","embeddable":true,"href":"https:\/\/sannebloem.nl\/wwwinkel\/wp-json\/wp\/v2\/product_brand?post=1192"},{"taxonomy":"product_cat","embeddable":true,"href":"https:\/\/sannebloem.nl\/wwwinkel\/wp-json\/wp\/v2\/product_cat?post=1192"},{"taxonomy":"product_tag","embeddable":true,"href":"https:\/\/sannebloem.nl\/wwwinkel\/wp-json\/wp\/v2\/product_tag?post=1192"}],"curies":[{"name":"wp","href":"https:\/\/api.w.org\/{rel}","templated":true}]}}